{"id":85,"date":"2016-06-12T14:51:02","date_gmt":"2016-06-12T12:51:02","guid":{"rendered":"http:\/\/www.speleo-campus.com\/?page_id=85"},"modified":"2020-04-22T09:46:11","modified_gmt":"2020-04-22T07:46:11","slug":"historique","status":"publish","type":"page","link":"https:\/\/www.speleo-campus.com\/index.php\/historique\/","title":{"rendered":"Historique"},"content":{"rendered":"\t\t<div data-elementor-type=\"wp-page\" data-elementor-id=\"85\" class=\"elementor elementor-85\">\n\t\t\t\t\t\t<section class=\"elementor-section elementor-top-section elementor-element elementor-element-3f7f744a elementor-section-full_width elementor-section-height-default elementor-section-height-default\" data-id=\"3f7f744a\" data-element_type=\"section\" data-e-type=\"section\">\n\t\t\t\t\t\t<div class=\"elementor-container elementor-column-gap-default\">\n\t\t\t\t\t<div class=\"elementor-column elementor-col-100 elementor-top-column elementor-element elementor-element-230d1fbe\" data-id=\"230d1fbe\" data-element_type=\"column\" data-e-type=\"column\">\n\t\t\t<div class=\"elementor-widget-wrap elementor-element-populated\">\n\t\t\t\t\t\t<div class=\"elementor-element elementor-element-cdc66c9 elementor-widget elementor-widget-heading\" data-id=\"cdc66c9\" data-element_type=\"widget\" data-e-type=\"widget\" data-widget_type=\"heading.default\">\n\t\t\t\t<div class=\"elementor-widget-container\">\n\t\t\t\t\t<h2 class=\"elementor-heading-title elementor-size-default\">Historique<\/h2>\t\t\t\t<\/div>\n\t\t\t\t<\/div>\n\t\t\t\t<div class=\"elementor-element elementor-element-629dd85e elementor-widget elementor-widget-text-editor\" data-id=\"629dd85e\" data-element_type=\"widget\" data-e-type=\"widget\" data-widget_type=\"text-editor.default\">\n\t\t\t\t<div class=\"elementor-widget-container\">\n\t\t\t\t\t\t\t\t\t<p>Sp\u00e9l\u00e9o Campus a \u00e9t\u00e9 cr\u00e9\u00e9e en 2012.\u00a0<\/p><p>Cette \u00e9cole, tr\u00e8s diff\u00e9rente des \u00e9coles d\u00e9j\u00e0 existantes sur le territoire fran\u00e7ais, proposait un concept novateur mettant en avant 2 atouts majeurs :<br \/>&#8211; la mise en place d&rsquo;un cursus de formation pr\u00e9cis, permettant aux \u00e9l\u00e8ves de devenir autonomes dans la pratique en 1 an,<br \/>&#8211; un encadrement assur\u00e9 exclusivement par des professionnels de la sp\u00e9l\u00e9ologie (Brevets d&rsquo;Etats) ou des cadres dipl\u00f4m\u00e9s de la F\u00e9d\u00e9ration Fran\u00e7aise de Sp\u00e9l\u00e9ologie (FFS).<\/p><p>Le projet Sp\u00e9l\u00e9o Campus a \u00e9t\u00e9 propos\u00e9 au Comit\u00e9 D\u00e9partemental de Sp\u00e9l\u00e9ologie de l&rsquo;Is\u00e8re (CDS38), ainsi qu&rsquo;\u00e0 diff\u00e9rents partenaires institutionnels qui ont accept\u00e9 de participer \u00e0 son financement durant une p\u00e9riode de maturation de 3 ann\u00e9es. Ainsi, Sp\u00e9l\u00e9o Campus a ouvert ses portes en septembre 2012 et a accueilli sa premi\u00e8re promotion d&rsquo;\u00e9l\u00e8ves.<\/p><p>Au terme de cette p\u00e9riode de 3 ann\u00e9es, c&rsquo;est en tout une quarantaine d&rsquo;\u00e9l\u00e8ves, tous d\u00e9butants au d\u00e9part, qui ont pu d\u00e9couvrir l&rsquo;activit\u00e9 et devenir des pratiquants confirm\u00e9s.<\/p><p>En 2015, suite \u00e0 ces 3 premi\u00e8res ann\u00e9es de fonctionnement pleinement r\u00e9ussies, il a \u00e9t\u00e9 convenu que la poursuite du projet Sp\u00e9l\u00e9o Campus ne pouvait s&rsquo;envisager que par le biais de l&rsquo;autonomie.<\/p><p>Sp\u00e9l\u00e9o Campus est donc devenue une Association Loi 1901 ind\u00e9pendante, affili\u00e9e en tant que club \u00e0 la F\u00e9d\u00e9ration Fran\u00e7aise de Sp\u00e9l\u00e9ologie (FFS).<br \/>Parmi les souhaits de l&rsquo;\u00e9quipe dirigeante, pouvoir localiser l&rsquo;association au c\u0153ur d&rsquo;un territoire \u00ab\u00a0mythique\u00a0\u00bb \u00e9tait une priorit\u00e9.<br \/>La commune de Crolles, mondialement connue via le r\u00e9seau de la Dent, a permis de r\u00e9aliser ce souhait.<\/p><p>C&rsquo;est donc avec beaucoup de fiert\u00e9 que Sp\u00e9l\u00e9o Campus pourra, d\u00e8s septembre 2016, proposer de la sp\u00e9l\u00e9o au plus grand nombre dans le cadre majestueux du massif de Chartreuse.<br \/>L&rsquo;occasion pour l&rsquo;association de s&rsquo;inscrire en tant qu&rsquo;acteur de territoire et compl\u00e9ter, par ses actions, les services d\u00e9j\u00e0 rendus par la collectivit\u00e9.<img decoding=\"async\" class=\"size-medium wp-image-101 alignright\" src=\"http:\/\/www.speleo-campus.com\/wp-content\/uploads\/2016\/06\/testi_03-300x164.png\" alt=\"testi_03\" width=\"300\" height=\"164\" srcset=\"https:\/\/www.speleo-campus.com\/wp-content\/uploads\/2016\/06\/testi_03-300x164.png 300w, https:\/\/www.speleo-campus.com\/wp-content\/uploads\/2016\/06\/testi_03-768x419.png 768w, https:\/\/www.speleo-campus.com\/wp-content\/uploads\/2016\/06\/testi_03-1024x558.png 1024w, https:\/\/www.speleo-campus.com\/wp-content\/uploads\/2016\/06\/testi_03.png 1253w\" sizes=\"(max-width: 300px) 100vw, 300px\" \/><\/p>\t\t\t\t\t\t\t\t<\/div>\n\t\t\t\t<\/div>\n\t\t\t\t\t<\/div>\n\t\t<\/div>\n\t\t\t\t\t<\/div>\n\t\t<\/section>\n\t\t\t\t<\/div>\n\t\t","protected":false},"excerpt":{"rendered":"<p>Historique Sp\u00e9l\u00e9o Campus a \u00e9t\u00e9 cr\u00e9\u00e9e en 2012.\u00a0 Cette \u00e9cole, tr\u00e8s diff\u00e9rente des \u00e9coles d\u00e9j\u00e0 existantes sur le territoire fran\u00e7ais, proposait un concept novateur mettant en avant 2 atouts majeurs :&#8211; la mise en place d&rsquo;un cursus de formation pr\u00e9cis, permettant aux \u00e9l\u00e8ves de devenir autonomes dans la pratique en 1 an,&#8211; un encadrement assur\u00e9 [&hellip;]<\/p>\n","protected":false},"author":2,"featured_media":0,"parent":0,"menu_order":0,"comment_status":"closed","ping_status":"closed","template":"","meta":{"site-sidebar-layout":"no-sidebar","site-content-layout":"page-builder","ast-site-content-layout":"default","site-content-style":"default","site-sidebar-style":"default","ast-global-header-display":"","ast-banner-title-visibility":"","ast-main-header-display":"","ast-hfb-above-header-display":"","ast-hfb-below-header-display":"","ast-hfb-mobile-header-display":"","site-post-title":"disabled","ast-breadcrumbs-content":"","ast-featured-img":"","footer-sml-layout":"","ast-disable-related-posts":"","theme-transparent-header-meta":"enabled","adv-header-id-meta":"","stick-header-meta":"","header-above-stick-meta":"","header-main-stick-meta":"","header-below-stick-meta":"","astra-migrate-meta-layouts":"default","ast-page-background-enabled":"default","ast-page-background-meta":{"desktop":{"background-color":"","background-image":"","background-repeat":"repeat","background-position":"center center","background-size":"auto","background-attachment":"scroll","background-type":"","background-media":"","overlay-type":"","overlay-color":"","overlay-opacity":"","overlay-gradient":""},"tablet":{"background-color":"","background-image":"","background-repeat":"repeat","background-position":"center center","background-size":"auto","background-attachment":"scroll","background-type":"","background-media":"","overlay-type":"","overlay-color":"","overlay-opacity":"","overlay-gradient":""},"mobile":{"background-color":"","background-image":"","background-repeat":"repeat","background-position":"center center","background-size":"auto","background-attachment":"scroll","background-type":"","background-media":"","overlay-type":"","overlay-color":"","overlay-opacity":"","overlay-gradient":""}},"ast-content-background-meta":{"desktop":{"background-color":"var(--ast-global-color-5)","background-image":"","background-repeat":"repeat","background-position":"center center","background-size":"auto","background-attachment":"scroll","background-type":"","background-media":"","overlay-type":"","overlay-color":"","overlay-opacity":"","overlay-gradient":""},"tablet":{"background-color":"var(--ast-global-color-5)","background-image":"","background-repeat":"repeat","background-position":"center center","background-size":"auto","background-attachment":"scroll","background-type":"","background-media":"","overlay-type":"","overlay-color":"","overlay-opacity":"","overlay-gradient":""},"mobile":{"background-color":"var(--ast-global-color-5)","background-image":"","background-repeat":"repeat","background-position":"center center","background-size":"auto","background-attachment":"scroll","background-type":"","background-media":"","overlay-type":"","overlay-color":"","overlay-opacity":"","overlay-gradient":""}},"footnotes":""},"class_list":["post-85","page","type-page","status-publish","hentry"],"_links":{"self":[{"href":"https:\/\/www.speleo-campus.com\/index.php\/wp-json\/wp\/v2\/pages\/85","targetHints":{"allow":["GET"]}}],"collection":[{"href":"https:\/\/www.speleo-campus.com\/index.php\/wp-json\/wp\/v2\/pages"}],"about":[{"href":"https:\/\/www.speleo-campus.com\/index.php\/wp-json\/wp\/v2\/types\/page"}],"author":[{"embeddable":true,"href":"https:\/\/www.speleo-campus.com\/index.php\/wp-json\/wp\/v2\/users\/2"}],"replies":[{"embeddable":true,"href":"https:\/\/www.speleo-campus.com\/index.php\/wp-json\/wp\/v2\/comments?post=85"}],"version-history":[{"count":13,"href":"https:\/\/www.speleo-campus.com\/index.php\/wp-json\/wp\/v2\/pages\/85\/revisions"}],"predecessor-version":[{"id":765,"href":"https:\/\/www.speleo-campus.com\/index.php\/wp-json\/wp\/v2\/pages\/85\/revisions\/765"}],"wp:attachment":[{"href":"https:\/\/www.speleo-campus.com\/index.php\/wp-json\/wp\/v2\/media?parent=85"}],"curies":[{"name":"wp","href":"https:\/\/api.w.org\/{rel}","templated":true}]}}