{"id":89,"date":"2016-06-12T14:52:43","date_gmt":"2016-06-12T12:52:43","guid":{"rendered":"http:\/\/www.speleo-campus.com\/?page_id=89"},"modified":"2020-04-22T09:52:39","modified_gmt":"2020-04-22T07:52:39","slug":"presse-ecrite","status":"publish","type":"page","link":"https:\/\/www.speleo-campus.com\/index.php\/presse-ecrite\/","title":{"rendered":"Presse \u00e9crite"},"content":{"rendered":"\t\t<div data-elementor-type=\"wp-page\" data-elementor-id=\"89\" class=\"elementor elementor-89\">\n\t\t\t\t\t\t<section class=\"elementor-section elementor-top-section elementor-element elementor-element-42c2279c elementor-section-full_width elementor-section-height-default elementor-section-height-default\" data-id=\"42c2279c\" data-element_type=\"section\" data-e-type=\"section\">\n\t\t\t\t\t\t<div class=\"elementor-container elementor-column-gap-default\">\n\t\t\t\t\t<div class=\"elementor-column elementor-col-100 elementor-top-column elementor-element elementor-element-6c0169bd\" data-id=\"6c0169bd\" data-element_type=\"column\" data-e-type=\"column\">\n\t\t\t<div class=\"elementor-widget-wrap elementor-element-populated\">\n\t\t\t\t\t\t<div class=\"elementor-element elementor-element-4079d4b elementor-widget elementor-widget-heading\" data-id=\"4079d4b\" data-element_type=\"widget\" data-e-type=\"widget\" data-widget_type=\"heading.default\">\n\t\t\t\t<div class=\"elementor-widget-container\">\n\t\t\t\t\t<h2 class=\"elementor-heading-title elementor-size-default\">Presse \u00e9crite<\/h2>\t\t\t\t<\/div>\n\t\t\t\t<\/div>\n\t\t\t\t<div class=\"elementor-element elementor-element-47345aaf elementor-widget elementor-widget-text-editor\" data-id=\"47345aaf\" data-element_type=\"widget\" data-e-type=\"widget\" data-widget_type=\"text-editor.default\">\n\t\t\t\t<div class=\"elementor-widget-container\">\n\t\t\t\t\t\t\t\t\t<p><a href=\"http:\/\/www.speleo-campus.com\/wp-content\/uploads\/2016\/06\/20161115_iseremag.pdf\" target=\"_blank\" rel=\"noopener noreferrer\"><img decoding=\"async\" class=\"alignnone size-full wp-image-110\" src=\"http:\/\/www.speleo-campus.com\/wp-content\/uploads\/2016\/06\/pdf-icon.png\" alt=\"pdf-icon\" width=\"32\" height=\"32\" \/><\/a>\u00a0&#8211; 15\/11\/2016 &#8211; Is\u00e8re Mag n\u00b06<\/p><p><a href=\"http:\/\/www.speleo-campus.com\/wp-content\/uploads\/2016\/06\/20160820_crolles.pdf\" target=\"_blank\" rel=\"noopener noreferrer\"><img decoding=\"async\" class=\"alignnone size-full wp-image-110\" src=\"http:\/\/www.speleo-campus.com\/wp-content\/uploads\/2016\/06\/pdf-icon.png\" alt=\"pdf-icon\" width=\"32\" height=\"32\" \/><\/a>\u00a0&#8211; 20\/08\/2016 &#8211; Magazine de Crolles n\u00b064<\/p><p><a href=\"http:\/\/www.speleo-campus.com\/wp-content\/uploads\/2016\/06\/20160815_dauphine-libere.pdf\" target=\"_blank\" rel=\"noopener noreferrer\"><img decoding=\"async\" class=\"alignnone size-full wp-image-110\" src=\"http:\/\/www.speleo-campus.com\/wp-content\/uploads\/2016\/06\/pdf-icon.png\" alt=\"pdf-icon\" width=\"32\" height=\"32\" \/><\/a>\u00a0&#8211; 15\/08\/2016 &#8211; Dauphin\u00e9 Lib\u00e9r\u00e9<\/p><p><a href=\"http:\/\/www.speleo-campus.com\/wp-content\/uploads\/2016\/06\/20160705_spot.pdf\" target=\"_blank\" rel=\"noopener noreferrer\"><img decoding=\"async\" class=\"alignnone size-full wp-image-110\" src=\"http:\/\/www.speleo-campus.com\/wp-content\/uploads\/2016\/06\/pdf-icon.png\" alt=\"pdf-icon\" width=\"32\" height=\"32\" \/><\/a>\u00a0&#8211; 05\/07\/2016 &#8211; SPOT n\u00b0142<\/p><p><a href=\"http:\/\/www.speleo-campus.com\/wp-content\/uploads\/2016\/06\/20130904_spot111.pdf\" target=\"_blank\" rel=\"noopener noreferrer\"><img decoding=\"async\" class=\"alignnone size-full wp-image-110\" src=\"http:\/\/www.speleo-campus.com\/wp-content\/uploads\/2016\/06\/pdf-icon.png\" alt=\"pdf-icon\" width=\"32\" height=\"32\" \/><\/a>\u00a0&#8211;\u00a004\/09\/2013 &#8211; SPOT n\u00b0111<\/p><p><a href=\"http:\/\/www.speleo-campus.com\/wp-content\/uploads\/2016\/06\/20130520_scialet41.pdf\" target=\"_blank\" rel=\"noopener noreferrer\"><img decoding=\"async\" class=\"alignnone size-full wp-image-110\" src=\"http:\/\/www.speleo-campus.com\/wp-content\/uploads\/2016\/06\/pdf-icon.png\" alt=\"pdf-icon\" width=\"32\" height=\"32\" \/><\/a>\u00a0&#8211;\u00a020\/05\/2013 &#8211; Scialet n\u00b041<\/p><p><a href=\"http:\/\/www.speleo-campus.com\/wp-content\/uploads\/2016\/06\/20130419_dauphine-libere.pdf\" target=\"_blank\" rel=\"noopener noreferrer\"><img decoding=\"async\" class=\"alignnone size-full wp-image-110\" src=\"http:\/\/www.speleo-campus.com\/wp-content\/uploads\/2016\/06\/pdf-icon.png\" alt=\"pdf-icon\" width=\"32\" height=\"32\" \/><\/a>\u00a0&#8211;\u00a019\/04\/2013 &#8211; Dauphin\u00e9 Lib\u00e9r\u00e9<\/p><p><a href=\"http:\/\/www.speleo-campus.com\/wp-content\/uploads\/2016\/06\/20130404_spot107.pdf\" target=\"_blank\" rel=\"noopener noreferrer\"><img decoding=\"async\" class=\"alignnone size-full wp-image-110\" src=\"http:\/\/www.speleo-campus.com\/wp-content\/uploads\/2016\/06\/pdf-icon.png\" alt=\"pdf-icon\" width=\"32\" height=\"32\" \/><\/a>\u00a0&#8211;\u00a004\/04\/2013 &#8211; SPOT n\u00b0107<\/p><p><a href=\"http:\/\/www.speleo-campus.com\/wp-content\/uploads\/2016\/06\/20121101_cityjuris.pdf\" target=\"_blank\" rel=\"noopener noreferrer\"><img decoding=\"async\" class=\"alignnone size-full wp-image-110\" src=\"http:\/\/www.speleo-campus.com\/wp-content\/uploads\/2016\/06\/pdf-icon.png\" alt=\"pdf-icon\" width=\"32\" height=\"32\" \/><\/a>\u00a0&#8211;\u00a001\/11\/2012 &#8211; City Juris<\/p><p><a href=\"http:\/\/www.speleo-campus.com\/wp-content\/uploads\/2016\/06\/20120914_dauphine-libere.pdf\" target=\"_blank\" rel=\"noopener noreferrer\"><img decoding=\"async\" class=\"alignnone size-full wp-image-110\" src=\"http:\/\/www.speleo-campus.com\/wp-content\/uploads\/2016\/06\/pdf-icon.png\" alt=\"pdf-icon\" width=\"32\" height=\"32\" \/><\/a>\u00a0&#8211;\u00a009\/09\/2012 &#8211; Dauphin\u00e9 Lib\u00e9r\u00e9<\/p><p><a href=\"http:\/\/www.speleo-campus.com\/wp-content\/uploads\/2016\/06\/20120905_spot100.pdf\" target=\"_blank\" rel=\"noopener noreferrer\"><img decoding=\"async\" class=\"alignnone size-full wp-image-110\" src=\"http:\/\/www.speleo-campus.com\/wp-content\/uploads\/2016\/06\/pdf-icon.png\" alt=\"pdf-icon\" width=\"32\" height=\"32\" \/><\/a>\u00a0&#8211;\u00a005\/09\/2012 &#8211; SPOT n\u00b0 100<\/p><p><a href=\"http:\/\/www.speleo-campus.com\/wp-content\/uploads\/2016\/06\/20120807_oxygene-radio.pdf\" target=\"_blank\" rel=\"noopener noreferrer\"><img decoding=\"async\" class=\"alignnone size-full wp-image-110\" src=\"http:\/\/www.speleo-campus.com\/wp-content\/uploads\/2016\/06\/pdf-icon.png\" alt=\"pdf-icon\" width=\"32\" height=\"32\" \/><\/a>\u00a0&#8211;\u00a007\/08\/2012 &#8211; Oxygene Radio Web<\/p><p><a href=\"http:\/\/www.speleo-campus.com\/wp-content\/uploads\/2016\/06\/20120805_grenews.pdf\" target=\"_blank\" rel=\"noopener noreferrer\"><img decoding=\"async\" class=\"alignnone size-full wp-image-110\" src=\"http:\/\/www.speleo-campus.com\/wp-content\/uploads\/2016\/06\/pdf-icon.png\" alt=\"pdf-icon\" width=\"32\" height=\"32\" \/><\/a>\u00a0&#8211;\u00a005\/08\/2012 &#8211; GreNews<\/p><p><a href=\"http:\/\/www.speleo-campus.com\/wp-content\/uploads\/2016\/06\/20120803_les-affiches.pdf\" target=\"_blank\" rel=\"noopener noreferrer\"><img decoding=\"async\" class=\"alignnone size-full wp-image-110\" src=\"http:\/\/www.speleo-campus.com\/wp-content\/uploads\/2016\/06\/pdf-icon.png\" alt=\"pdf-icon\" width=\"32\" height=\"32\" \/><\/a>\u00a0&#8211;\u00a003\/08\/2012 &#8211; Les Affiches de Grenoble et du Dauphin\u00e9<\/p><p><a href=\"http:\/\/www.speleo-campus.com\/wp-content\/uploads\/2016\/06\/20120622_dauphine-libere.pdf\" target=\"_blank\" rel=\"noopener noreferrer\"><img decoding=\"async\" class=\"alignnone size-full wp-image-110\" src=\"http:\/\/www.speleo-campus.com\/wp-content\/uploads\/2016\/06\/pdf-icon.png\" alt=\"pdf-icon\" width=\"32\" height=\"32\" \/><\/a>\u00a0&#8211;\u00a022\/06\/2012 &#8211; Dauphin\u00e9 Lib\u00e9r\u00e9<\/p><p><a href=\"http:\/\/www.speleo-campus.com\/wp-content\/uploads\/2016\/06\/20120613_recreamag.pdf\" target=\"_blank\" rel=\"noopener noreferrer\"><img decoding=\"async\" class=\"alignnone size-full wp-image-110\" src=\"http:\/\/www.speleo-campus.com\/wp-content\/uploads\/2016\/06\/pdf-icon.png\" alt=\"pdf-icon\" width=\"32\" height=\"32\" \/><img decoding=\"async\" class=\"size-medium wp-image-99 alignright\" src=\"http:\/\/www.speleo-campus.com\/wp-content\/uploads\/2016\/06\/testi_01-300x164.png\" alt=\"testi_01\" width=\"300\" height=\"164\" srcset=\"https:\/\/www.speleo-campus.com\/wp-content\/uploads\/2016\/06\/testi_01-300x164.png 300w, https:\/\/www.speleo-campus.com\/wp-content\/uploads\/2016\/06\/testi_01-768x419.png 768w, https:\/\/www.speleo-campus.com\/wp-content\/uploads\/2016\/06\/testi_01-1024x558.png 1024w, https:\/\/www.speleo-campus.com\/wp-content\/uploads\/2016\/06\/testi_01.png 1253w\" sizes=\"(max-width: 300px) 100vw, 300px\" \/><\/a>\u00a0&#8211; 13\/06\/2012 &#8211; R\u00e9cr\u00e9amag<\/p>\t\t\t\t\t\t\t\t<\/div>\n\t\t\t\t<\/div>\n\t\t\t\t\t<\/div>\n\t\t<\/div>\n\t\t\t\t\t<\/div>\n\t\t<\/section>\n\t\t\t\t<\/div>\n\t\t","protected":false},"excerpt":{"rendered":"<p>Presse \u00e9crite \u00a0&#8211; 15\/11\/2016 &#8211; Is\u00e8re Mag n\u00b06 \u00a0&#8211; 20\/08\/2016 &#8211; Magazine de Crolles n\u00b064 \u00a0&#8211; 15\/08\/2016 &#8211; Dauphin\u00e9 Lib\u00e9r\u00e9 \u00a0&#8211; 05\/07\/2016 &#8211; SPOT n\u00b0142 \u00a0&#8211;\u00a004\/09\/2013 &#8211; SPOT n\u00b0111 \u00a0&#8211;\u00a020\/05\/2013 &#8211; Scialet n\u00b041 \u00a0&#8211;\u00a019\/04\/2013 &#8211; Dauphin\u00e9 Lib\u00e9r\u00e9 \u00a0&#8211;\u00a004\/04\/2013 &#8211; SPOT n\u00b0107 \u00a0&#8211;\u00a001\/11\/2012 &#8211; City Juris \u00a0&#8211;\u00a009\/09\/2012 &#8211; Dauphin\u00e9 Lib\u00e9r\u00e9 \u00a0&#8211;\u00a005\/09\/2012 &#8211; SPOT n\u00b0 100 \u00a0&#8211;\u00a007\/08\/2012 [&hellip;]<\/p>\n","protected":false},"author":2,"featured_media":0,"parent":0,"menu_order":0,"comment_status":"closed","ping_status":"closed","template":"","meta":{"site-sidebar-layout":"no-sidebar","site-content-layout":"page-builder","ast-site-content-layout":"default","site-content-style":"default","site-sidebar-style":"default","ast-global-header-display":"","ast-banner-title-visibility":"","ast-main-header-display":"","ast-hfb-above-header-display":"","ast-hfb-below-header-display":"","ast-hfb-mobile-header-display":"","site-post-title":"disabled","ast-breadcrumbs-content":"","ast-featured-img":"","footer-sml-layout":"","ast-disable-related-posts":"","theme-transparent-header-meta":"default","adv-header-id-meta":"","stick-header-meta":"","header-above-stick-meta":"","header-main-stick-meta":"","header-below-stick-meta":"","astra-migrate-meta-layouts":"default","ast-page-background-enabled":"default","ast-page-background-meta":{"desktop":{"background-color":"","background-image":"","background-repeat":"repeat","background-position":"center center","background-size":"auto","background-attachment":"scroll","background-type":"","background-media":"","overlay-type":"","overlay-color":"","overlay-opacity":"","overlay-gradient":""},"tablet":{"background-color":"","background-image":"","background-repeat":"repeat","background-position":"center center","background-size":"auto","background-attachment":"scroll","background-type":"","background-media":"","overlay-type":"","overlay-color":"","overlay-opacity":"","overlay-gradient":""},"mobile":{"background-color":"","background-image":"","background-repeat":"repeat","background-position":"center center","background-size":"auto","background-attachment":"scroll","background-type":"","background-media":"","overlay-type":"","overlay-color":"","overlay-opacity":"","overlay-gradient":""}},"ast-content-background-meta":{"desktop":{"background-color":"var(--ast-global-color-5)","background-image":"","background-repeat":"repeat","background-position":"center center","background-size":"auto","background-attachment":"scroll","background-type":"","background-media":"","overlay-type":"","overlay-color":"","overlay-opacity":"","overlay-gradient":""},"tablet":{"background-color":"var(--ast-global-color-5)","background-image":"","background-repeat":"repeat","background-position":"center center","background-size":"auto","background-attachment":"scroll","background-type":"","background-media":"","overlay-type":"","overlay-color":"","overlay-opacity":"","overlay-gradient":""},"mobile":{"background-color":"var(--ast-global-color-5)","background-image":"","background-repeat":"repeat","background-position":"center center","background-size":"auto","background-attachment":"scroll","background-type":"","background-media":"","overlay-type":"","overlay-color":"","overlay-opacity":"","overlay-gradient":""}},"footnotes":""},"class_list":["post-89","page","type-page","status-publish","hentry"],"_links":{"self":[{"href":"https:\/\/www.speleo-campus.com\/index.php\/wp-json\/wp\/v2\/pages\/89","targetHints":{"allow":["GET"]}}],"collection":[{"href":"https:\/\/www.speleo-campus.com\/index.php\/wp-json\/wp\/v2\/pages"}],"about":[{"href":"https:\/\/www.speleo-campus.com\/index.php\/wp-json\/wp\/v2\/types\/page"}],"author":[{"embeddable":true,"href":"https:\/\/www.speleo-campus.com\/index.php\/wp-json\/wp\/v2\/users\/2"}],"replies":[{"embeddable":true,"href":"https:\/\/www.speleo-campus.com\/index.php\/wp-json\/wp\/v2\/comments?post=89"}],"version-history":[{"count":9,"href":"https:\/\/www.speleo-campus.com\/index.php\/wp-json\/wp\/v2\/pages\/89\/revisions"}],"predecessor-version":[{"id":770,"href":"https:\/\/www.speleo-campus.com\/index.php\/wp-json\/wp\/v2\/pages\/89\/revisions\/770"}],"wp:attachment":[{"href":"https:\/\/www.speleo-campus.com\/index.php\/wp-json\/wp\/v2\/media?parent=89"}],"curies":[{"name":"wp","href":"https:\/\/api.w.org\/{rel}","templated":true}]}}